{"id":15,"date":"2019-06-18T13:14:44","date_gmt":"2019-06-18T13:14:44","guid":{"rendered":"https:\/\/turismosentidos.com.ar\/web\/?page_id=15"},"modified":"2025-09-04T15:13:09","modified_gmt":"2025-09-04T15:13:09","slug":"quienes-somos","status":"publish","type":"page","link":"https:\/\/turismosentidos.com.ar\/web\/quienes-somos\/","title":{"rendered":"Quienes somos"},"content":{"rendered":"<!--themify_builder_content-->\n<div id=\"themify_builder_content-15\" data-postid=\"15\" class=\"themify_builder_content themify_builder_content-15 themify_builder tf_clear\">\n                    <div  data-lazy=\"1\" class=\"module_row themify_builder_row tb_ye0t44 tb_first tf_w\">\n                        <div class=\"row_inner col_align_top tb_col_count_1 tf_box tf_rel\">\n                        <div  data-lazy=\"1\" class=\"module_column tb-column col-full tb_gsu748 first\">\n                    <!-- module box -->\n<div  class=\"module module-box tb_qfit162 \" data-lazy=\"1\">\n    <div class=\"module-box-content ui  tb_default_color\">\n                <div class=\"tb_text_wrap\"><h2 style=\"text-align: center\">Turismo Sentidos EVT es una agencia de viajes habilitada (Legajo N\u00b0 14.732) con base en Argentina. <br \/>Ofrecemos <a href=\"https:\/\/turismosentidos.com.ar\/web\/paquetes\/\">escapadas, paquetes tur\u00edsticos nacionales<\/a> e <a href=\"https:\/\/turismosentidos.com.ar\/web\/cruceros\/\">internacionales<\/a>, <a href=\"https:\/\/turismosentidos.com.ar\/web\/servicios-y-excursiones\/\">excursiones, transporte en bus y beneficios exclusivos<\/a>.<\/h2>\n<h2>\u00a0<\/h2>\n<h2><strong>\u00bfCu\u00e1l es el sentido de Sentidos?<\/strong><\/h2>\n<p>Somos una Empresa fundada all\u00e1 por el 2011, cien por ciento dedicada, din\u00e1mica y joven. Nuestro mayor prop\u00f3sito es ofrecer a nuestros clientes una atenci\u00f3n personalizada con la mayor calidad de productos.<\/p>\n<p>Durante nuestra trayectoria, Sentidos se distinguir\u00e1 por ofrecer destinos acabados, y estudiados, donde el proceso se vuelve constante porque entendemos que en la experiencia de un viaje, es en los detalles donde hay que centrarse.<\/p>\n<p>Contamos con personal segmentado y dedicado a \u00e1reas espec\u00edficas, lo que hace que el proceso completo sea logrado con eficacia y excelencia.<\/p>\n<p>De nuestra constante preocupaci\u00f3n por ofrecer un producto vanguardista y reconociendo la importancia de Internet en nuestras vidas, nace un concepto \u00e1gil, din\u00e1mico e interactivo para poder planear, consultar o reservar cualquier tipo de viaje con la tranquilidad de saber que detr\u00e1s del cliente se encuentra un profesional que con gusto lo atender\u00e1.<\/p>\n<p>Deseamos que su visita a www.turismosentidos.com.ar sea una experiencia agradable, con resultados positivos en la b\u00fasqueda de informaci\u00f3n de acuerdo a sus necesidades y presupuesto.<\/p>\n<p><em><strong>Ahora decinos en qu\u00e9 sentido quer\u00e9s tu pr\u00f3xima salida?<\/strong><\/em><\/p><\/div>\n    <\/div>\n<\/div>\n<!-- \/module box -->\n        <\/div>\n                        <\/div>\n        <\/div>\n        <\/div>\n<!--\/themify_builder_content-->","protected":false},"excerpt":{"rendered":"","protected":false},"author":2,"featured_media":0,"parent":0,"menu_order":0,"comment_status":"closed","ping_status":"closed","template":"","meta":{"site-sidebar-layout":"default","site-content-layout":"default","ast-site-content-layout":"default","site-content-style":"default","site-sidebar-style":"default","ast-global-header-display":"","ast-banner-title-visibility":"","ast-main-header-display":"","ast-hfb-above-header-display":"","ast-hfb-below-header-display":"","ast-hfb-mobile-header-display":"","site-post-title":"","ast-breadcrumbs-content":"","ast-featured-img":"","footer-sml-layout":"","ast-disable-related-posts":"","theme-transparent-header-meta":"default","adv-header-id-meta":"","stick-header-meta":"","header-above-stick-meta":"","header-main-stick-meta":"","header-below-stick-meta":"","astra-migrate-meta-layouts":"set","ast-page-background-enabled":"default","ast-page-background-meta":{"desktop":{"background-color":"var(--ast-global-color-4)","background-image":"","background-repeat":"repeat","background-position":"center center","background-size":"auto","background-attachment":"scroll","background-type":"","background-media":"","overlay-type":"","overlay-color":"","overlay-opacity":"","overlay-gradient":""},"tablet":{"background-color":"","background-image":"","background-repeat":"repeat","background-position":"center center","background-size":"auto","background-attachment":"scroll","background-type":"","background-media":"","overlay-type":"","overlay-color":"","overlay-opacity":"","overlay-gradient":""},"mobile":{"background-color":"","background-image":"","background-repeat":"repeat","background-position":"center center","background-size":"auto","background-attachment":"scroll","background-type":"","background-media":"","overlay-type":"","overlay-color":"","overlay-opacity":"","overlay-gradient":""}},"ast-content-background-meta":{"desktop":{"background-color":"var(--ast-global-color-5)","background-image":"","background-repeat":"repeat","background-position":"center center","background-size":"auto","background-attachment":"scroll","background-type":"","background-media":"","overlay-type":"","overlay-color":"","overlay-opacity":"","overlay-gradient":""},"tablet":{"background-color":"var(--ast-global-color-5)","background-image":"","background-repeat":"repeat","background-position":"center center","background-size":"auto","background-attachment":"scroll","background-type":"","background-media":"","overlay-type":"","overlay-color":"","overlay-opacity":"","overlay-gradient":""},"mobile":{"background-color":"var(--ast-global-color-5)","background-image":"","background-repeat":"repeat","background-position":"center center","background-size":"auto","background-attachment":"scroll","background-type":"","background-media":"","overlay-type":"","overlay-color":"","overlay-opacity":"","overlay-gradient":""}},"footnotes":""},"class_list":["post-15","page","type-page","status-publish","hentry"],"builder_content":"<h2 style=\"text-align: center\">Turismo Sentidos EVT es una agencia de viajes habilitada (Legajo N\u00b0 14.732) con base en Argentina. <br \/>Ofrecemos <a href=\"https:\/\/turismosentidos.com.ar\/web\/paquetes\/\">escapadas, paquetes tur\u00edsticos nacionales<\/a> e <a href=\"https:\/\/turismosentidos.com.ar\/web\/cruceros\/\">internacionales<\/a>, <a href=\"https:\/\/turismosentidos.com.ar\/web\/servicios-y-excursiones\/\">excursiones, transporte en bus y beneficios exclusivos<\/a>.<\/h2> <h2>\u00a0<\/h2> <h2><strong>\u00bfCu\u00e1l es el sentido de Sentidos?<\/strong><\/h2> <p>Somos una Empresa fundada all\u00e1 por el 2011, cien por ciento dedicada, din\u00e1mica y joven. Nuestro mayor prop\u00f3sito es ofrecer a nuestros clientes una atenci\u00f3n personalizada con la mayor calidad de productos.<\/p> <p>Durante nuestra trayectoria, Sentidos se distinguir\u00e1 por ofrecer destinos acabados, y estudiados, donde el proceso se vuelve constante porque entendemos que en la experiencia de un viaje, es en los detalles donde hay que centrarse.<\/p> <p>Contamos con personal segmentado y dedicado a \u00e1reas espec\u00edficas, lo que hace que el proceso completo sea logrado con eficacia y excelencia.<\/p> <p>De nuestra constante preocupaci\u00f3n por ofrecer un producto vanguardista y reconociendo la importancia de Internet en nuestras vidas, nace un concepto \u00e1gil, din\u00e1mico e interactivo para poder planear, consultar o reservar cualquier tipo de viaje con la tranquilidad de saber que detr\u00e1s del cliente se encuentra un profesional que con gusto lo atender\u00e1.<\/p> <p>Deseamos que su visita a www.turismosentidos.com.ar sea una experiencia agradable, con resultados positivos en la b\u00fasqueda de informaci\u00f3n de acuerdo a sus necesidades y presupuesto.<\/p> <p><em><strong>Ahora decinos en qu\u00e9 sentido quer\u00e9s tu pr\u00f3xima salida?<\/strong><\/em><\/p>","_links":{"self":[{"href":"https:\/\/turismosentidos.com.ar\/web\/wp-json\/wp\/v2\/pages\/15","targetHints":{"allow":["GET"]}}],"collection":[{"href":"https:\/\/turismosentidos.com.ar\/web\/wp-json\/wp\/v2\/pages"}],"about":[{"href":"https:\/\/turismosentidos.com.ar\/web\/wp-json\/wp\/v2\/types\/page"}],"author":[{"embeddable":true,"href":"https:\/\/turismosentidos.com.ar\/web\/wp-json\/wp\/v2\/users\/2"}],"replies":[{"embeddable":true,"href":"https:\/\/turismosentidos.com.ar\/web\/wp-json\/wp\/v2\/comments?post=15"}],"version-history":[{"count":10,"href":"https:\/\/turismosentidos.com.ar\/web\/wp-json\/wp\/v2\/pages\/15\/revisions"}],"predecessor-version":[{"id":3796,"href":"https:\/\/turismosentidos.com.ar\/web\/wp-json\/wp\/v2\/pages\/15\/revisions\/3796"}],"wp:attachment":[{"href":"https:\/\/turismosentidos.com.ar\/web\/wp-json\/wp\/v2\/media?parent=15"}],"curies":[{"name":"wp","href":"https:\/\/api.w.org\/{rel}","templated":true}]}}